{"id":171,"date":"2023-02-01T17:09:34","date_gmt":"2023-02-01T16:09:34","guid":{"rendered":"https:\/\/vipcaribi.rs\/?page_id=171"},"modified":"2023-02-03T18:58:53","modified_gmt":"2023-02-03T17:58:53","slug":"vip-auto-parfemi","status":"publish","type":"page","link":"https:\/\/vipcaribi.rs\/?page_id=171","title":{"rendered":"VIP Auto Parfemi"},"content":{"rendered":"\n<p>Uverite se u visoki kvalitet svetskih najpoznatijih auto parfema. Savr\u0161ene mirisne note \u0107e Vam obogatiti prostor u kom \u0107e te u\u017eivati u nezaboravnom i iskustvu.<\/p>\n\n\n\n<div class=\"wp-block-columns is-layout-flex wp-container-core-columns-is-layout-28f84493 wp-block-columns-is-layout-flex\">\n<div class=\"wp-block-column is-layout-flow wp-block-column-is-layout-flow\">\n<figure class=\"wp-block-image size-large\"><img loading=\"lazy\" decoding=\"async\" width=\"1024\" height=\"815\" src=\"https:\/\/vipcaribi.rs\/wp-content\/uploads\/2023\/02\/VIP-Car-perfume-01-1024x815.jpg\" alt=\"\" class=\"wp-image-307\" srcset=\"https:\/\/vipcaribi.rs\/wp-content\/uploads\/2023\/02\/VIP-Car-perfume-01-1024x815.jpg 1024w, https:\/\/vipcaribi.rs\/wp-content\/uploads\/2023\/02\/VIP-Car-perfume-01-300x239.jpg 300w, https:\/\/vipcaribi.rs\/wp-content\/uploads\/2023\/02\/VIP-Car-perfume-01-768x612.jpg 768w, https:\/\/vipcaribi.rs\/wp-content\/uploads\/2023\/02\/VIP-Car-perfume-01-1536x1223.jpg 1536w, https:\/\/vipcaribi.rs\/wp-content\/uploads\/2023\/02\/VIP-Car-perfume-01-2048x1631.jpg 2048w\" sizes=\"auto, (max-width: 1024px) 100vw, 1024px\" \/><figcaption class=\"wp-element-caption\">VIP I<\/figcaption><\/figure>\n<\/div>\n\n\n\n<div class=\"wp-block-column is-layout-flow wp-block-column-is-layout-flow\">\n<figure class=\"wp-block-image size-large\"><img loading=\"lazy\" decoding=\"async\" width=\"1024\" height=\"815\" src=\"https:\/\/vipcaribi.rs\/wp-content\/uploads\/2023\/02\/VIP-Car-perfume-02-1024x815.jpg\" alt=\"\" class=\"wp-image-309\" srcset=\"https:\/\/vipcaribi.rs\/wp-content\/uploads\/2023\/02\/VIP-Car-perfume-02-1024x815.jpg 1024w, https:\/\/vipcaribi.rs\/wp-content\/uploads\/2023\/02\/VIP-Car-perfume-02-300x239.jpg 300w, https:\/\/vipcaribi.rs\/wp-content\/uploads\/2023\/02\/VIP-Car-perfume-02-768x612.jpg 768w, https:\/\/vipcaribi.rs\/wp-content\/uploads\/2023\/02\/VIP-Car-perfume-02-1536x1223.jpg 1536w, https:\/\/vipcaribi.rs\/wp-content\/uploads\/2023\/02\/VIP-Car-perfume-02-2048x1631.jpg 2048w\" sizes=\"auto, (max-width: 1024px) 100vw, 1024px\" \/><figcaption class=\"wp-element-caption\">VIP II<\/figcaption><\/figure>\n<\/div>\n\n\n\n<div class=\"wp-block-column is-layout-flow wp-block-column-is-layout-flow\">\n<figure class=\"wp-block-image size-large\"><img loading=\"lazy\" decoding=\"async\" width=\"1024\" height=\"815\" src=\"https:\/\/vipcaribi.rs\/wp-content\/uploads\/2023\/02\/VIP-Car-perfume-03-1024x815.jpg\" alt=\"\" class=\"wp-image-310\" srcset=\"https:\/\/vipcaribi.rs\/wp-content\/uploads\/2023\/02\/VIP-Car-perfume-03-1024x815.jpg 1024w, https:\/\/vipcaribi.rs\/wp-content\/uploads\/2023\/02\/VIP-Car-perfume-03-300x239.jpg 300w, https:\/\/vipcaribi.rs\/wp-content\/uploads\/2023\/02\/VIP-Car-perfume-03-768x612.jpg 768w, https:\/\/vipcaribi.rs\/wp-content\/uploads\/2023\/02\/VIP-Car-perfume-03-1536x1223.jpg 1536w, https:\/\/vipcaribi.rs\/wp-content\/uploads\/2023\/02\/VIP-Car-perfume-03-2048x1631.jpg 2048w\" sizes=\"auto, (max-width: 1024px) 100vw, 1024px\" \/><figcaption class=\"wp-element-caption\">VIP III<\/figcaption><\/figure>\n<\/div>\n<\/div>\n\n\n\n<div class=\"wp-block-columns is-layout-flex wp-container-core-columns-is-layout-28f84493 wp-block-columns-is-layout-flex\">\n<div class=\"wp-block-column is-layout-flow wp-block-column-is-layout-flow\">\n<figure class=\"wp-block-image size-large\"><img loading=\"lazy\" decoding=\"async\" width=\"1024\" height=\"815\" src=\"https:\/\/vipcaribi.rs\/wp-content\/uploads\/2023\/02\/VIP-Car-perfume-04-1024x815.jpg\" alt=\"\" class=\"wp-image-311\" srcset=\"https:\/\/vipcaribi.rs\/wp-content\/uploads\/2023\/02\/VIP-Car-perfume-04-1024x815.jpg 1024w, https:\/\/vipcaribi.rs\/wp-content\/uploads\/2023\/02\/VIP-Car-perfume-04-300x239.jpg 300w, https:\/\/vipcaribi.rs\/wp-content\/uploads\/2023\/02\/VIP-Car-perfume-04-768x612.jpg 768w, https:\/\/vipcaribi.rs\/wp-content\/uploads\/2023\/02\/VIP-Car-perfume-04-1536x1223.jpg 1536w, https:\/\/vipcaribi.rs\/wp-content\/uploads\/2023\/02\/VIP-Car-perfume-04-2048x1631.jpg 2048w\" sizes=\"auto, (max-width: 1024px) 100vw, 1024px\" \/><figcaption class=\"wp-element-caption\">VIP IV<\/figcaption><\/figure>\n<\/div>\n\n\n\n<div class=\"wp-block-column is-layout-flow wp-block-column-is-layout-flow\">\n<figure class=\"wp-block-image size-large\"><img loading=\"lazy\" decoding=\"async\" width=\"1024\" height=\"861\" src=\"https:\/\/vipcaribi.rs\/wp-content\/uploads\/2023\/02\/VIP-Car-perfume-05-1024x861.jpg\" alt=\"\" class=\"wp-image-312\" srcset=\"https:\/\/vipcaribi.rs\/wp-content\/uploads\/2023\/02\/VIP-Car-perfume-05-1024x861.jpg 1024w, https:\/\/vipcaribi.rs\/wp-content\/uploads\/2023\/02\/VIP-Car-perfume-05-300x252.jpg 300w, https:\/\/vipcaribi.rs\/wp-content\/uploads\/2023\/02\/VIP-Car-perfume-05-768x646.jpg 768w, https:\/\/vipcaribi.rs\/wp-content\/uploads\/2023\/02\/VIP-Car-perfume-05-1536x1291.jpg 1536w, https:\/\/vipcaribi.rs\/wp-content\/uploads\/2023\/02\/VIP-Car-perfume-05-2048x1722.jpg 2048w\" sizes=\"auto, (max-width: 1024px) 100vw, 1024px\" \/><figcaption class=\"wp-element-caption\">VIP V<\/figcaption><\/figure>\n<\/div>\n\n\n\n<div class=\"wp-block-column is-layout-flow wp-block-column-is-layout-flow\">\n<figure class=\"wp-block-image size-large\"><img loading=\"lazy\" decoding=\"async\" width=\"1024\" height=\"861\" src=\"https:\/\/vipcaribi.rs\/wp-content\/uploads\/2023\/02\/VIP-Car-perfume-06-1024x861.jpg\" alt=\"\" class=\"wp-image-313\" srcset=\"https:\/\/vipcaribi.rs\/wp-content\/uploads\/2023\/02\/VIP-Car-perfume-06-1024x861.jpg 1024w, https:\/\/vipcaribi.rs\/wp-content\/uploads\/2023\/02\/VIP-Car-perfume-06-300x252.jpg 300w, https:\/\/vipcaribi.rs\/wp-content\/uploads\/2023\/02\/VIP-Car-perfume-06-768x646.jpg 768w, https:\/\/vipcaribi.rs\/wp-content\/uploads\/2023\/02\/VIP-Car-perfume-06-1536x1291.jpg 1536w, https:\/\/vipcaribi.rs\/wp-content\/uploads\/2023\/02\/VIP-Car-perfume-06-2048x1722.jpg 2048w\" sizes=\"auto, (max-width: 1024px) 100vw, 1024px\" \/><figcaption class=\"wp-element-caption\">VIP VI<\/figcaption><\/figure>\n<\/div>\n<\/div>\n","protected":false},"excerpt":{"rendered":"<p>Uverite se u visoki kvalitet svetskih najpoznatijih auto parfema. Savr\u0161ene mirisne note \u0107e Vam obogatiti prostor u kom \u0107e te u\u017eivati u nezaboravnom i iskustvu.<\/p>\n","protected":false},"author":1,"featured_media":0,"parent":24,"menu_order":0,"comment_status":"closed","ping_status":"closed","template":"","meta":{"ngg_post_thumbnail":0,"footnotes":""},"class_list":["post-171","page","type-page","status-publish","hentry"],"_links":{"self":[{"href":"https:\/\/vipcaribi.rs\/index.php?rest_route=\/wp\/v2\/pages\/171","targetHints":{"allow":["GET"]}}],"collection":[{"href":"https:\/\/vipcaribi.rs\/index.php?rest_route=\/wp\/v2\/pages"}],"about":[{"href":"https:\/\/vipcaribi.rs\/index.php?rest_route=\/wp\/v2\/types\/page"}],"author":[{"embeddable":true,"href":"https:\/\/vipcaribi.rs\/index.php?rest_route=\/wp\/v2\/users\/1"}],"replies":[{"embeddable":true,"href":"https:\/\/vipcaribi.rs\/index.php?rest_route=%2Fwp%2Fv2%2Fcomments&post=171"}],"version-history":[{"count":5,"href":"https:\/\/vipcaribi.rs\/index.php?rest_route=\/wp\/v2\/pages\/171\/revisions"}],"predecessor-version":[{"id":327,"href":"https:\/\/vipcaribi.rs\/index.php?rest_route=\/wp\/v2\/pages\/171\/revisions\/327"}],"up":[{"embeddable":true,"href":"https:\/\/vipcaribi.rs\/index.php?rest_route=\/wp\/v2\/pages\/24"}],"wp:attachment":[{"href":"https:\/\/vipcaribi.rs\/index.php?rest_route=%2Fwp%2Fv2%2Fmedia&parent=171"}],"curies":[{"name":"wp","href":"https:\/\/api.w.org\/{rel}","templated":true}]}}